{"id":1162,"date":"2020-09-10T11:29:10","date_gmt":"2020-09-10T11:29:10","guid":{"rendered":"https:\/\/store.r4-club.com\/?page_id=1162"},"modified":"2026-01-29T10:03:21","modified_gmt":"2026-01-29T10:03:21","slug":"about","status":"publish","type":"page","link":"https:\/\/store.r4-club.com\/es\/about\/","title":{"rendered":"About US"},"content":{"rendered":"<div id=\"wp-block-themeisle-blocks-advanced-columns-36e48672\" class=\"wp-block-themeisle-blocks-advanced-columns alignfull has-1-columns has-desktop-equal-layout has-tablet-equal-layout has-mobile-equal-layout has-vertical-center\"><div class=\"wp-block-themeisle-blocks-advanced-columns-overlay\"><\/div><div class=\"innerblocks-wrap\">\n<div id=\"wp-block-themeisle-blocks-advanced-column-adc65de0\" class=\"wp-block-themeisle-blocks-advanced-column\">\n<div class=\"wp-block-group alignwide\"><div class=\"wp-block-group__inner-container is-layout-constrained wp-block-group-is-layout-constrained\"><h3 style=\"background-color:#000000; border-top-left-radius:5px;border-top-right-radius:5px;border-bottom-left-radius:5px;border-bottom-right-radius:5px;border-style:none;border-width:0px; padding-top:var(--wp--preset--spacing--20);padding-bottom:var(--wp--preset--spacing--20);padding-left:var(--wp--preset--spacing--20);padding-right:var(--wp--preset--spacing--20);\" class=\"has-text-align-center has-link-color alignwide wp-elements-9170b28c4a80cff704f4c3a6f8bfc01d wp-block-post-title has-text-color has-nv-text-dark-bg-color has-background has-medium-font-size\">About US<\/h3><\/div><\/div>\n<\/div>\n<\/div><\/div>\n\n\n\n<div class=\"wp-block-group alignwide is-content-justification-center is-nowrap is-layout-flex wp-container-core-group-is-layout-94bc23d7 wp-block-group-is-layout-flex\">\n<div id=\"wp-block-themeisle-blocks-advanced-columns-babcac21\" class=\"wp-block-themeisle-blocks-advanced-columns alignfull has-1-columns has-desktop-oneTwo-layout has-tablet-equal-layout has-mobile-collapsedRows-layout has-vertical-unset\"><div class=\"wp-block-themeisle-blocks-advanced-columns-overlay\"><\/div><div class=\"innerblocks-wrap\">\n<div id=\"wp-block-themeisle-blocks-advanced-column-16762147\" class=\"wp-block-themeisle-blocks-advanced-column\">\n<div style=\"height:43px\" aria-hidden=\"true\" class=\"wp-block-spacer\"><\/div>\n\n\n\n<p class=\"has-text-align-center\">R4 Club Ltd es una empresa impulsada por la tecnolog\u00eda, centrada en la creaci\u00f3n de soluciones digitales, servicios creativos y sistemas escalables que ayudan a empresas y creadores a crecer en el mundo digital moderno. <\/p>\n\n\n\n<h2 class=\"wp-block-heading alignwide has-text-align-center\">OBJETIVO<\/h2>\n\n\n\n<p class=\"has-text-align-center\">Operamos en la intersecci\u00f3n de la tecnolog\u00eda, la creatividad y la comunidad, ofreciendo servicios pr\u00e1cticos y orientados a resultados en lugar de tendencias o exageraciones. Nuestro objetivo es simple: crear valor, optimizar procesos y ayudar a que las ideas se conviertan en proyectos sostenibles.<\/p>\n\n\n\n<h2 class=\"wp-block-heading has-text-align-center\">NUESTRA VISI\u00d3N<\/h2>\n\n\n\n<p class=\"has-text-align-center\">Nuestra visi\u00f3n a largo plazo es construir un ecosistema similar a un hub digital, donde los servicios, las herramientas y las personas se unan para crear, colaborar y escalar. R4 Club aspira a convertirse en un punto de referencia de servicios digitales fiables, innovaci\u00f3n y soluciones multiling\u00fces en Europa y m\u00e1s all\u00e1.<\/p>\n\n\n\n<h2 class=\"wp-block-heading alignwide has-text-align-center\">QU\u00c9 REALIZAMOS<\/h2>\n\n\n\n<p class=\"has-text-align-center\">A trav\u00e9s de nuestras diferentes divisiones y proyectos, R4 Club ofrece:<\/p>\n\n\n\n<p class=\"has-text-align-center\">Servicios digitales y soluciones personalizadas para empresas.<\/p>\n\n\n\n<p class=\"has-text-align-center\">Producci\u00f3n creativa (dise\u00f1o, video, branding y contenido)<\/p>\n\n\n\n<p class=\"has-text-align-center\">Servicios multiling\u00fces en b\u00falgaro, ingl\u00e9s y espa\u00f1ol<\/p>\n\n\n\n<p class=\"has-text-align-center\">Herramientas impulsadas por IA, automatizaci\u00f3n y sistemas de optimizaci\u00f3n<\/p>\n\n\n\n<p class=\"has-text-align-center\">Soporte para startups, creadores y plataformas online<\/p>\n\n\n\n<p class=\"has-text-align-center\">Nos centramos en sistemas eficientes, no en complejidad innecesaria: cada servicio est\u00e1 dise\u00f1ado para resolver problemas reales.<\/p>\n\n\n\n<p><\/p>\n<\/div>\n<\/div><\/div>\n<\/div>\n\n\n\n<p><\/p>","protected":false},"excerpt":{"rendered":"","protected":false},"author":1,"featured_media":0,"parent":0,"menu_order":0,"comment_status":"closed","ping_status":"closed","template":"","meta":{"neve_meta_sidebar":"full-width","neve_meta_container":"","neve_meta_enable_content_width":"on","neve_meta_content_width":100,"neve_meta_title_alignment":"center","neve_meta_author_avatar":"","neve_post_elements_order":"","neve_meta_disable_header":"","neve_meta_disable_footer":"","neve_meta_disable_title":"on","_themeisle_gutenberg_block_has_review":false,"footnotes":""},"class_list":["post-1162","page","type-page","status-publish","hentry"],"_links":{"self":[{"href":"https:\/\/store.r4-club.com\/es\/wp-json\/wp\/v2\/pages\/1162","targetHints":{"allow":["GET"]}}],"collection":[{"href":"https:\/\/store.r4-club.com\/es\/wp-json\/wp\/v2\/pages"}],"about":[{"href":"https:\/\/store.r4-club.com\/es\/wp-json\/wp\/v2\/types\/page"}],"author":[{"embeddable":true,"href":"https:\/\/store.r4-club.com\/es\/wp-json\/wp\/v2\/users\/1"}],"replies":[{"embeddable":true,"href":"https:\/\/store.r4-club.com\/es\/wp-json\/wp\/v2\/comments?post=1162"}],"version-history":[{"count":44,"href":"https:\/\/store.r4-club.com\/es\/wp-json\/wp\/v2\/pages\/1162\/revisions"}],"predecessor-version":[{"id":1301,"href":"https:\/\/store.r4-club.com\/es\/wp-json\/wp\/v2\/pages\/1162\/revisions\/1301"}],"wp:attachment":[{"href":"https:\/\/store.r4-club.com\/es\/wp-json\/wp\/v2\/media?parent=1162"}],"curies":[{"name":"wp","href":"https:\/\/api.w.org\/{rel}","templated":true}]}}