{"id":558,"date":"2025-11-27T11:58:29","date_gmt":"2025-11-27T11:58:29","guid":{"rendered":"https:\/\/store.r4-club.com\/checkout-2\/"},"modified":"2025-12-08T22:44:01","modified_gmt":"2025-12-08T22:44:01","slug":"checkout","status":"publish","type":"page","link":"https:\/\/store.r4-club.com\/es\/checkout\/","title":{"rendered":"Checkout"},"content":{"rendered":"<p><span class=\"edd_empty_cart\">T\u00fa carrito est\u00e1 super vac\u00edo, ves y rell\u00e9nalo.<\/span><\/p>\n\n\n<div style=\"height:176px\" aria-hidden=\"true\" class=\"wp-block-spacer\"><\/div>","protected":false},"excerpt":{"rendered":"","protected":false},"author":1,"featured_media":0,"parent":0,"menu_order":0,"comment_status":"closed","ping_status":"closed","template":"","meta":{"neve_meta_sidebar":"","neve_meta_container":"","neve_meta_enable_content_width":"","neve_meta_content_width":0,"neve_meta_title_alignment":"","neve_meta_author_avatar":"","neve_post_elements_order":"","neve_meta_disable_header":"","neve_meta_disable_footer":"","neve_meta_disable_title":"","_themeisle_gutenberg_block_has_review":false,"footnotes":""},"class_list":["post-558","page","type-page","status-publish","hentry"],"_links":{"self":[{"href":"https:\/\/store.r4-club.com\/es\/wp-json\/wp\/v2\/pages\/558","targetHints":{"allow":["GET"]}}],"collection":[{"href":"https:\/\/store.r4-club.com\/es\/wp-json\/wp\/v2\/pages"}],"about":[{"href":"https:\/\/store.r4-club.com\/es\/wp-json\/wp\/v2\/types\/page"}],"author":[{"embeddable":true,"href":"https:\/\/store.r4-club.com\/es\/wp-json\/wp\/v2\/users\/1"}],"replies":[{"embeddable":true,"href":"https:\/\/store.r4-club.com\/es\/wp-json\/wp\/v2\/comments?post=558"}],"version-history":[{"count":26,"href":"https:\/\/store.r4-club.com\/es\/wp-json\/wp\/v2\/pages\/558\/revisions"}],"predecessor-version":[{"id":1008,"href":"https:\/\/store.r4-club.com\/es\/wp-json\/wp\/v2\/pages\/558\/revisions\/1008"}],"wp:attachment":[{"href":"https:\/\/store.r4-club.com\/es\/wp-json\/wp\/v2\/media?parent=558"}],"curies":[{"name":"wp","href":"https:\/\/api.w.org\/{rel}","templated":true}]}}